{"id":46,"date":"2020-02-09T09:29:57","date_gmt":"2020-02-09T08:29:57","guid":{"rendered":"http:\/\/democratie-au-coeur-de-psl.fr\/?page_id=46"},"modified":"2025-11-03T16:02:19","modified_gmt":"2025-11-03T15:02:19","slug":"vos-elues","status":"publish","type":"page","link":"https:\/\/democratie-au-coeur-de-psl.fr\/?page_id=46","title":{"rendered":"Vos \u00e9lu\u2022e\u2022s"},"content":{"rendered":"\n<h2 class=\"wp-block-heading\">Les listes d\u00e9pos\u00e9es en 2025<\/h2>\n\n\n\n<h3 class=\"wp-block-heading\">Coll\u00e8ge \u00abAutres personnels\u00bb<\/h3>\n\n\n\n<ul>\n<li>CHUPIN Maxime, CNRS<\/li>\n\n\n\n<li>DROUIN Laurence, Paris Dauphine PSL<\/li>\n\n\n\n<li>KORBER Alexandre, ENS PSL<\/li>\n<\/ul>\n\n\n\n<h3 class=\"wp-block-heading\">Coll\u00e8ge \u00abMaitres et Maitresses de conf\u00e9rences et assimil\u00e9(e)s\u00bb<\/h3>\n\n\n\n<ul>\n<li>PINAUD Samuel, Dauphine PSL<\/li>\n\n\n\n<li>DADOUR St\u00e9phanie, ENSA Paris-Malaquais<\/li>\n\n\n\n<li>MARQUET Cl\u00e9ment, Mines Paris PSL<\/li>\n<\/ul>\n\n\n\n<h3 class=\"wp-block-heading\">Coll\u00e8ge \u00abProfesseures et professeurs ou assimil\u00e9(e)s\u00bb<\/h3>\n\n\n\n<ul>\n<li>MOUSSA Charbel, Mines Paris PSL<\/li>\n\n\n\n<li>BAUD C\u00e9line, Dauphine PSL<\/li>\n\n\n\n<li>LEMOINE Benjamin, ENS PSL<\/li>\n<\/ul>\n\n\n\n<h2 class=\"wp-block-heading\">De 2020 \u00e0 2025<\/h2>\n\n\n\n<ul>\n<li> <a href=\"https:\/\/www.ceremade.dauphine.fr\/~chupin\/\">Maxime Chupin<\/a>, CNRS, <em>sous-coll\u00e8ge 3 (BIATTS)<\/em><\/li>\n\n\n\n<li><a href=\"https:\/\/www.antiquite.ens.fr\/enseignants\/pages-personnelles\/frederique-fleck-latin\/\">Fr\u00e9d\u00e9rique Fleck<\/a>, ENS, <em>sous-coll\u00e8ge 2 (rang B)<\/em> <\/li>\n\n\n\n<li><a href=\"https:\/\/www.ofis-france.fr\/ris\/observatoire-de-paris\/\">Jean Aboudarham<\/a>, Observatoire de Paris, <em>sous-coll\u00e8ge 1 (rang A)<\/em><\/li>\n\n\n\n<li>Alexandre Korber, ENS, <em>sous-coll\u00e8ge 3 (BIATTS)<\/em><\/li>\n\n\n\n<li><a href=\"https:\/\/irisso.dauphine.fr\/fr\/membres\/detail-cv\/profile\/samuel-pinaud.html\">Samuel Pinaud<\/a>, Paris-Dauphine, <em>sous-coll\u00e8ge 2 (rang B)<\/em><\/li>\n<\/ul>\n\n\n\n<h2 class=\"wp-block-heading\">\u00c9lu\u00b7e\u00b7s en 2020<\/h2>\n\n\n\n<ul>\n<li> <a href=\"https:\/\/www.ceremade.dauphine.fr\/~chupin\/\">Maxime Chupin<\/a>, CNRS, <em>sous-coll\u00e8ge 3 (BIATTS)<\/em><\/li>\n\n\n\n<li><a href=\"https:\/\/www.antiquite.ens.fr\/enseignants\/pages-personnelles\/frederique-fleck-latin\/\">Fr\u00e9d\u00e9rique Fleck<\/a>, ENS, <em>sous-coll\u00e8ge 2 (rang B)<\/em> <\/li>\n\n\n\n<li>Axelle Haddad, Coll\u00e8ge de France, <em>sous-coll\u00e8ge 3 (BIATTS)<\/em><\/li>\n\n\n\n<li><a href=\"http:\/\/www.dma.ens.fr\/cyril.imbert\">Cyril Imbert<\/a>, CNRS, <em>sous-coll\u00e8ge 1 (rang A)<\/em><\/li>\n\n\n\n<li><a href=\"https:\/\/irisso.dauphine.fr\/fr\/membres\/detail-cv\/profile\/samuel-pinaud.html\">Samuel Pinaud<\/a>, Paris-Dauphine, <em>sous-coll\u00e8ge 2 (rang B)<\/em><\/li>\n<\/ul>\n\n\n\n<h2 class=\"wp-block-heading\">Les listes d\u00e9pos\u00e9es en 2020<\/h2>\n\n\n\n<ul>\n<li>Rang A\u202f: Cyril Imbert, Johanna Sim\u00e9ant, Jean Aboudaram, C\u00e9line Bessi\u00e8re<\/li>\n\n\n\n<li>Rang B\u202f: Samuel Pinaud, Fr\u00e9d\u00e9rique Fleck, Thomas Angeletti&nbsp;<\/li>\n\n\n\n<li>Autres personnels\u202f: Maxime Chupin, Axelle Haddad, Alexandre Korber&nbsp;<\/li>\n<\/ul>\n","protected":false},"excerpt":{"rendered":"<p>Les listes d\u00e9pos\u00e9es en 2025 Coll\u00e8ge \u00abAutres personnels\u00bb Coll\u00e8ge \u00abMaitres et Maitresses de conf\u00e9rences et assimil\u00e9(e)s\u00bb Coll\u00e8ge \u00abProfesseures et professeurs ou assimil\u00e9(e)s\u00bb De 2020 \u00e0 2025 \u00c9lu\u00b7e\u00b7s en 2020 Les listes d\u00e9pos\u00e9es en 2020<\/p>\n","protected":false},"author":1,"featured_media":0,"parent":0,"menu_order":0,"comment_status":"closed","ping_status":"closed","template":"","meta":{"footnotes":""},"yoast_head":"<!-- This site is optimized with the Yoast SEO plugin v22.9 - https:\/\/yoast.com\/wordpress\/plugins\/seo\/ -->\n<title>Vos \u00e9lu\u2022e\u2022s - D\u00e9mocratie et int\u00e9r\u00eat g\u00e9n\u00e9ral au c\u0153ur de PSL<\/title>\n<meta name=\"robots\" content=\"index, follow, max-snippet:-1, max-image-preview:large, max-video-preview:-1\" \/>\n<link rel=\"canonical\" href=\"https:\/\/democratie-au-coeur-de-psl.fr\/?page_id=46\" \/>\n<meta property=\"og:locale\" content=\"fr_FR\" \/>\n<meta property=\"og:type\" content=\"article\" \/>\n<meta property=\"og:title\" content=\"Vos \u00e9lu\u2022e\u2022s - D\u00e9mocratie et int\u00e9r\u00eat g\u00e9n\u00e9ral au c\u0153ur de PSL\" \/>\n<meta property=\"og:description\" content=\"Les listes d\u00e9pos\u00e9es en 2025 Coll\u00e8ge \u00abAutres personnels\u00bb Coll\u00e8ge \u00abMaitres et Maitresses de conf\u00e9rences et assimil\u00e9(e)s\u00bb Coll\u00e8ge \u00abProfesseures et professeurs ou assimil\u00e9(e)s\u00bb De 2020 \u00e0 2025 \u00c9lu\u00b7e\u00b7s en 2020 Les listes d\u00e9pos\u00e9es en 2020\" \/>\n<meta property=\"og:url\" content=\"https:\/\/democratie-au-coeur-de-psl.fr\/?page_id=46\" \/>\n<meta property=\"og:site_name\" content=\"D\u00e9mocratie et int\u00e9r\u00eat g\u00e9n\u00e9ral au c\u0153ur de PSL\" \/>\n<meta property=\"article:modified_time\" content=\"2025-11-03T15:02:19+00:00\" \/>\n<meta name=\"twitter:card\" content=\"summary_large_image\" \/>\n<meta name=\"twitter:site\" content=\"@Syndic_CA_PSL\" \/>\n<meta name=\"twitter:label1\" content=\"Dur\u00e9e de lecture estim\u00e9e\" \/>\n\t<meta name=\"twitter:data1\" content=\"1 minute\" \/>\n<script type=\"application\/ld+json\" class=\"yoast-schema-graph\">{\"@context\":\"https:\/\/schema.org\",\"@graph\":[{\"@type\":\"WebPage\",\"@id\":\"https:\/\/democratie-au-coeur-de-psl.fr\/?page_id=46\",\"url\":\"https:\/\/democratie-au-coeur-de-psl.fr\/?page_id=46\",\"name\":\"Vos \u00e9lu\u2022e\u2022s - D\u00e9mocratie et int\u00e9r\u00eat g\u00e9n\u00e9ral au c\u0153ur de PSL\",\"isPartOf\":{\"@id\":\"https:\/\/democratie-au-coeur-de-psl.fr\/#website\"},\"datePublished\":\"2020-02-09T08:29:57+00:00\",\"dateModified\":\"2025-11-03T15:02:19+00:00\",\"breadcrumb\":{\"@id\":\"https:\/\/democratie-au-coeur-de-psl.fr\/?page_id=46#breadcrumb\"},\"inLanguage\":\"fr-FR\",\"potentialAction\":[{\"@type\":\"ReadAction\",\"target\":[\"https:\/\/democratie-au-coeur-de-psl.fr\/?page_id=46\"]}]},{\"@type\":\"BreadcrumbList\",\"@id\":\"https:\/\/democratie-au-coeur-de-psl.fr\/?page_id=46#breadcrumb\",\"itemListElement\":[{\"@type\":\"ListItem\",\"position\":1,\"name\":\"Accueil\",\"item\":\"https:\/\/democratie-au-coeur-de-psl.fr\/\"},{\"@type\":\"ListItem\",\"position\":2,\"name\":\"Vos \u00e9lu\u2022e\u2022s\"}]},{\"@type\":\"WebSite\",\"@id\":\"https:\/\/democratie-au-coeur-de-psl.fr\/#website\",\"url\":\"https:\/\/democratie-au-coeur-de-psl.fr\/\",\"name\":\"D\u00e9mocratie et int\u00e9r\u00eat g\u00e9n\u00e9ral au c\u0153ur de PSL\",\"description\":\"Listes soutenues par la CGT au CA de PSL\",\"publisher\":{\"@id\":\"https:\/\/democratie-au-coeur-de-psl.fr\/#organization\"},\"potentialAction\":[{\"@type\":\"SearchAction\",\"target\":{\"@type\":\"EntryPoint\",\"urlTemplate\":\"https:\/\/democratie-au-coeur-de-psl.fr\/?s={search_term_string}\"},\"query-input\":\"required name=search_term_string\"}],\"inLanguage\":\"fr-FR\"},{\"@type\":\"Organization\",\"@id\":\"https:\/\/democratie-au-coeur-de-psl.fr\/#organization\",\"name\":\"D\u00e9mocratie et int\u00e9r\u00eat g\u00e9n\u00e9ral au c\u0153ur de PSL\",\"url\":\"https:\/\/democratie-au-coeur-de-psl.fr\/\",\"logo\":{\"@type\":\"ImageObject\",\"inLanguage\":\"fr-FR\",\"@id\":\"https:\/\/democratie-au-coeur-de-psl.fr\/#\/schema\/logo\/image\/\",\"url\":\"https:\/\/democratie-au-coeur-de-psl.fr\/wp-content\/uploads\/2020\/07\/cropped-tableau-1.jpg\",\"contentUrl\":\"https:\/\/democratie-au-coeur-de-psl.fr\/wp-content\/uploads\/2020\/07\/cropped-tableau-1.jpg\",\"width\":1920,\"height\":640,\"caption\":\"D\u00e9mocratie et int\u00e9r\u00eat g\u00e9n\u00e9ral au c\u0153ur de PSL\"},\"image\":{\"@id\":\"https:\/\/democratie-au-coeur-de-psl.fr\/#\/schema\/logo\/image\/\"},\"sameAs\":[\"https:\/\/x.com\/Syndic_CA_PSL\"]}]}<\/script>\n<!-- \/ Yoast SEO plugin. -->","yoast_head_json":{"title":"Vos \u00e9lu\u2022e\u2022s - D\u00e9mocratie et int\u00e9r\u00eat g\u00e9n\u00e9ral au c\u0153ur de PSL","robots":{"index":"index","follow":"follow","max-snippet":"max-snippet:-1","max-image-preview":"max-image-preview:large","max-video-preview":"max-video-preview:-1"},"canonical":"https:\/\/democratie-au-coeur-de-psl.fr\/?page_id=46","og_locale":"fr_FR","og_type":"article","og_title":"Vos \u00e9lu\u2022e\u2022s - D\u00e9mocratie et int\u00e9r\u00eat g\u00e9n\u00e9ral au c\u0153ur de PSL","og_description":"Les listes d\u00e9pos\u00e9es en 2025 Coll\u00e8ge \u00abAutres personnels\u00bb Coll\u00e8ge \u00abMaitres et Maitresses de conf\u00e9rences et assimil\u00e9(e)s\u00bb Coll\u00e8ge \u00abProfesseures et professeurs ou assimil\u00e9(e)s\u00bb De 2020 \u00e0 2025 \u00c9lu\u00b7e\u00b7s en 2020 Les listes d\u00e9pos\u00e9es en 2020","og_url":"https:\/\/democratie-au-coeur-de-psl.fr\/?page_id=46","og_site_name":"D\u00e9mocratie et int\u00e9r\u00eat g\u00e9n\u00e9ral au c\u0153ur de PSL","article_modified_time":"2025-11-03T15:02:19+00:00","twitter_card":"summary_large_image","twitter_site":"@Syndic_CA_PSL","twitter_misc":{"Dur\u00e9e de lecture estim\u00e9e":"1 minute"},"schema":{"@context":"https:\/\/schema.org","@graph":[{"@type":"WebPage","@id":"https:\/\/democratie-au-coeur-de-psl.fr\/?page_id=46","url":"https:\/\/democratie-au-coeur-de-psl.fr\/?page_id=46","name":"Vos \u00e9lu\u2022e\u2022s - D\u00e9mocratie et int\u00e9r\u00eat g\u00e9n\u00e9ral au c\u0153ur de PSL","isPartOf":{"@id":"https:\/\/democratie-au-coeur-de-psl.fr\/#website"},"datePublished":"2020-02-09T08:29:57+00:00","dateModified":"2025-11-03T15:02:19+00:00","breadcrumb":{"@id":"https:\/\/democratie-au-coeur-de-psl.fr\/?page_id=46#breadcrumb"},"inLanguage":"fr-FR","potentialAction":[{"@type":"ReadAction","target":["https:\/\/democratie-au-coeur-de-psl.fr\/?page_id=46"]}]},{"@type":"BreadcrumbList","@id":"https:\/\/democratie-au-coeur-de-psl.fr\/?page_id=46#breadcrumb","itemListElement":[{"@type":"ListItem","position":1,"name":"Accueil","item":"https:\/\/democratie-au-coeur-de-psl.fr\/"},{"@type":"ListItem","position":2,"name":"Vos \u00e9lu\u2022e\u2022s"}]},{"@type":"WebSite","@id":"https:\/\/democratie-au-coeur-de-psl.fr\/#website","url":"https:\/\/democratie-au-coeur-de-psl.fr\/","name":"D\u00e9mocratie et int\u00e9r\u00eat g\u00e9n\u00e9ral au c\u0153ur de PSL","description":"Listes soutenues par la CGT au CA de PSL","publisher":{"@id":"https:\/\/democratie-au-coeur-de-psl.fr\/#organization"},"potentialAction":[{"@type":"SearchAction","target":{"@type":"EntryPoint","urlTemplate":"https:\/\/democratie-au-coeur-de-psl.fr\/?s={search_term_string}"},"query-input":"required name=search_term_string"}],"inLanguage":"fr-FR"},{"@type":"Organization","@id":"https:\/\/democratie-au-coeur-de-psl.fr\/#organization","name":"D\u00e9mocratie et int\u00e9r\u00eat g\u00e9n\u00e9ral au c\u0153ur de PSL","url":"https:\/\/democratie-au-coeur-de-psl.fr\/","logo":{"@type":"ImageObject","inLanguage":"fr-FR","@id":"https:\/\/democratie-au-coeur-de-psl.fr\/#\/schema\/logo\/image\/","url":"https:\/\/democratie-au-coeur-de-psl.fr\/wp-content\/uploads\/2020\/07\/cropped-tableau-1.jpg","contentUrl":"https:\/\/democratie-au-coeur-de-psl.fr\/wp-content\/uploads\/2020\/07\/cropped-tableau-1.jpg","width":1920,"height":640,"caption":"D\u00e9mocratie et int\u00e9r\u00eat g\u00e9n\u00e9ral au c\u0153ur de PSL"},"image":{"@id":"https:\/\/democratie-au-coeur-de-psl.fr\/#\/schema\/logo\/image\/"},"sameAs":["https:\/\/x.com\/Syndic_CA_PSL"]}]}},"jetpack_sharing_enabled":true,"_links":{"self":[{"href":"https:\/\/democratie-au-coeur-de-psl.fr\/index.php?rest_route=\/wp\/v2\/pages\/46"}],"collection":[{"href":"https:\/\/democratie-au-coeur-de-psl.fr\/index.php?rest_route=\/wp\/v2\/pages"}],"about":[{"href":"https:\/\/democratie-au-coeur-de-psl.fr\/index.php?rest_route=\/wp\/v2\/types\/page"}],"author":[{"embeddable":true,"href":"https:\/\/democratie-au-coeur-de-psl.fr\/index.php?rest_route=\/wp\/v2\/users\/1"}],"replies":[{"embeddable":true,"href":"https:\/\/democratie-au-coeur-de-psl.fr\/index.php?rest_route=%2Fwp%2Fv2%2Fcomments&post=46"}],"version-history":[{"count":12,"href":"https:\/\/democratie-au-coeur-de-psl.fr\/index.php?rest_route=\/wp\/v2\/pages\/46\/revisions"}],"predecessor-version":[{"id":1407,"href":"https:\/\/democratie-au-coeur-de-psl.fr\/index.php?rest_route=\/wp\/v2\/pages\/46\/revisions\/1407"}],"wp:attachment":[{"href":"https:\/\/democratie-au-coeur-de-psl.fr\/index.php?rest_route=%2Fwp%2Fv2%2Fmedia&parent=46"}],"curies":[{"name":"wp","href":"https:\/\/api.w.org\/{rel}","templated":true}]}}