{"id":15,"date":"2020-02-08T18:13:27","date_gmt":"2020-02-08T17:13:27","guid":{"rendered":"http:\/\/democratie-au-coeur-de-psl.fr\/?page_id=15"},"modified":"2025-11-05T15:33:26","modified_gmt":"2025-11-05T14:33:26","slug":"textes-et-materiel","status":"publish","type":"page","link":"https:\/\/democratie-au-coeur-de-psl.fr\/?page_id=15","title":{"rendered":"Documents utiles"},"content":{"rendered":"\n<p class=\"has-drop-cap\">Sont rassembl\u00e9s ici des documents reli\u00e9s \u00e0 PSL et \u00e0 son conseil d&rsquo;administration (CA), de pr\u00e8s ou de loin.<\/p>\n\n\n\n<p><\/p>\n\n\n\n<h2 class=\"wp-block-heading\">Notre profession de foi de 2025 <\/h2>\n\n\n\n<p> Elle est consultable sur <a href=\"https:\/\/democratie-au-coeur-de-psl.fr\/?p=1401\">cette page<\/a>. <\/p>\n\n\n\n<h2 class=\"wp-block-heading\">Notre profession de foi de 2020<\/h2>\n\n\n\n<p>Elle est consultable au format pdf <a href=\"http:\/\/democratie-au-coeur-de-psl.fr\/wp-content\/uploads\/2020\/02\/profession-de-foi.pdf\">ici<\/a>. Vous pouvez aussi la lire directement en ligne sur <a href=\"http:\/\/democratie-au-coeur-de-psl.fr\/?page_id=64\">cette page<\/a>.<\/p>\n\n\n\n<h2 class=\"wp-block-heading\">Statuts et r\u00e8glement int\u00e9rieur de PSL<\/h2>\n\n\n\n<ul>\n<li>Les statuts de l&rsquo;universit\u00e9 PSL sont disponibles <a href=\"https:\/\/www.psl.eu\/sites\/default\/files\/PDF\/D%C3%A9cret_n%C2%B02019-1130_du_5_novembre_2019_version_initiale.pdf\">ici<\/a><a href=\"https:\/\/www.psl.eu\/sites\/default\/files\/PDF\/Reglement%20interieur%20Universite%20PSL.pdfhttps:\/\/www.psl.eu\/sites\/default\/files\/PDF\/D%C3%A9cret_n%C2%B02019-1130_du_5_novembre_2019_version_initiale.pdf\">.<\/a><\/li>\n\n\n\n<li>Le r\u00e8glement int\u00e9rieur de PSL est consultable <a href=\"https:\/\/www.psl.eu\/sites\/default\/files\/PDF\/Reglement%20interieur%20Universite%20PSL.pdf\">l\u00e0<\/a>.<\/li>\n\n\n\n<li>L&rsquo;\u00aborganigramme\u00bb de PSL est visible sur <a href=\"https:\/\/www.psl.eu\/universite\/organisation-de-luniversite#instances\">cette page.<\/a> <\/li>\n<\/ul>\n\n\n\n<p><\/p>\n","protected":false},"excerpt":{"rendered":"<p>Sont rassembl\u00e9s ici des documents reli\u00e9s \u00e0 PSL et \u00e0 son conseil d&rsquo;administration (CA), de pr\u00e8s ou de loin. Notre profession de foi de 2025 Elle est consultable sur cette page. Notre profession de foi de 2020 Elle est consultable au format pdf ici. Vous pouvez aussi la lire directement en ligne sur cette page. &hellip;<\/p>\n<p class=\"read-more\"> <a class=\"\" href=\"https:\/\/democratie-au-coeur-de-psl.fr\/?page_id=15\"> <span class=\"screen-reader-text\">Documents utiles<\/span> Lire la suite\u00a0\u00bb<\/a><\/p>\n","protected":false},"author":4,"featured_media":412,"parent":0,"menu_order":0,"comment_status":"closed","ping_status":"closed","template":"","meta":{"footnotes":""},"yoast_head":"<!-- This site is optimized with the Yoast SEO plugin v22.9 - https:\/\/yoast.com\/wordpress\/plugins\/seo\/ -->\n<title>Documents utiles - D\u00e9mocratie et int\u00e9r\u00eat g\u00e9n\u00e9ral au c\u0153ur de PSL<\/title>\n<meta name=\"robots\" content=\"index, follow, max-snippet:-1, max-image-preview:large, max-video-preview:-1\" \/>\n<link rel=\"canonical\" href=\"https:\/\/democratie-au-coeur-de-psl.fr\/?page_id=15\" \/>\n<meta property=\"og:locale\" content=\"fr_FR\" \/>\n<meta property=\"og:type\" content=\"article\" \/>\n<meta property=\"og:title\" content=\"Documents utiles - D\u00e9mocratie et int\u00e9r\u00eat g\u00e9n\u00e9ral au c\u0153ur de PSL\" \/>\n<meta property=\"og:description\" content=\"Sont rassembl\u00e9s ici des documents reli\u00e9s \u00e0 PSL et \u00e0 son conseil d&rsquo;administration (CA), de pr\u00e8s ou de loin. Notre profession de foi de 2025 Elle est consultable sur cette page. Notre profession de foi de 2020 Elle est consultable au format pdf ici. Vous pouvez aussi la lire directement en ligne sur cette page. &hellip; Documents utiles Lire la suite\u00a0\u00bb\" \/>\n<meta property=\"og:url\" content=\"https:\/\/democratie-au-coeur-de-psl.fr\/?page_id=15\" \/>\n<meta property=\"og:site_name\" content=\"D\u00e9mocratie et int\u00e9r\u00eat g\u00e9n\u00e9ral au c\u0153ur de PSL\" \/>\n<meta property=\"article:modified_time\" content=\"2025-11-05T14:33:26+00:00\" \/>\n<meta property=\"og:image\" content=\"http:\/\/democratie-au-coeur-de-psl.fr\/wp-content\/uploads\/2020\/07\/organigramme-fev_2020_nm.png\" \/>\n\t<meta property=\"og:image:width\" content=\"5040\" \/>\n\t<meta property=\"og:image:height\" content=\"3386\" \/>\n\t<meta property=\"og:image:type\" content=\"image\/png\" \/>\n<meta name=\"twitter:card\" content=\"summary_large_image\" \/>\n<meta name=\"twitter:site\" content=\"@Syndic_CA_PSL\" \/>\n<meta name=\"twitter:label1\" content=\"Dur\u00e9e de lecture estim\u00e9e\" \/>\n\t<meta name=\"twitter:data1\" content=\"1 minute\" \/>\n<script type=\"application\/ld+json\" class=\"yoast-schema-graph\">{\"@context\":\"https:\/\/schema.org\",\"@graph\":[{\"@type\":\"WebPage\",\"@id\":\"https:\/\/democratie-au-coeur-de-psl.fr\/?page_id=15\",\"url\":\"https:\/\/democratie-au-coeur-de-psl.fr\/?page_id=15\",\"name\":\"Documents utiles - D\u00e9mocratie et int\u00e9r\u00eat g\u00e9n\u00e9ral au c\u0153ur de PSL\",\"isPartOf\":{\"@id\":\"https:\/\/democratie-au-coeur-de-psl.fr\/#website\"},\"primaryImageOfPage\":{\"@id\":\"https:\/\/democratie-au-coeur-de-psl.fr\/?page_id=15#primaryimage\"},\"image\":{\"@id\":\"https:\/\/democratie-au-coeur-de-psl.fr\/?page_id=15#primaryimage\"},\"thumbnailUrl\":\"https:\/\/democratie-au-coeur-de-psl.fr\/wp-content\/uploads\/2020\/07\/organigramme-fev_2020_nm.png\",\"datePublished\":\"2020-02-08T17:13:27+00:00\",\"dateModified\":\"2025-11-05T14:33:26+00:00\",\"breadcrumb\":{\"@id\":\"https:\/\/democratie-au-coeur-de-psl.fr\/?page_id=15#breadcrumb\"},\"inLanguage\":\"fr-FR\",\"potentialAction\":[{\"@type\":\"ReadAction\",\"target\":[\"https:\/\/democratie-au-coeur-de-psl.fr\/?page_id=15\"]}]},{\"@type\":\"ImageObject\",\"inLanguage\":\"fr-FR\",\"@id\":\"https:\/\/democratie-au-coeur-de-psl.fr\/?page_id=15#primaryimage\",\"url\":\"https:\/\/democratie-au-coeur-de-psl.fr\/wp-content\/uploads\/2020\/07\/organigramme-fev_2020_nm.png\",\"contentUrl\":\"https:\/\/democratie-au-coeur-de-psl.fr\/wp-content\/uploads\/2020\/07\/organigramme-fev_2020_nm.png\",\"width\":5040,\"height\":3386},{\"@type\":\"BreadcrumbList\",\"@id\":\"https:\/\/democratie-au-coeur-de-psl.fr\/?page_id=15#breadcrumb\",\"itemListElement\":[{\"@type\":\"ListItem\",\"position\":1,\"name\":\"Accueil\",\"item\":\"https:\/\/democratie-au-coeur-de-psl.fr\/\"},{\"@type\":\"ListItem\",\"position\":2,\"name\":\"Documents utiles\"}]},{\"@type\":\"WebSite\",\"@id\":\"https:\/\/democratie-au-coeur-de-psl.fr\/#website\",\"url\":\"https:\/\/democratie-au-coeur-de-psl.fr\/\",\"name\":\"D\u00e9mocratie et int\u00e9r\u00eat g\u00e9n\u00e9ral au c\u0153ur de PSL\",\"description\":\"Listes soutenues par la CGT au CA de PSL\",\"publisher\":{\"@id\":\"https:\/\/democratie-au-coeur-de-psl.fr\/#organization\"},\"potentialAction\":[{\"@type\":\"SearchAction\",\"target\":{\"@type\":\"EntryPoint\",\"urlTemplate\":\"https:\/\/democratie-au-coeur-de-psl.fr\/?s={search_term_string}\"},\"query-input\":\"required name=search_term_string\"}],\"inLanguage\":\"fr-FR\"},{\"@type\":\"Organization\",\"@id\":\"https:\/\/democratie-au-coeur-de-psl.fr\/#organization\",\"name\":\"D\u00e9mocratie et int\u00e9r\u00eat g\u00e9n\u00e9ral au c\u0153ur de PSL\",\"url\":\"https:\/\/democratie-au-coeur-de-psl.fr\/\",\"logo\":{\"@type\":\"ImageObject\",\"inLanguage\":\"fr-FR\",\"@id\":\"https:\/\/democratie-au-coeur-de-psl.fr\/#\/schema\/logo\/image\/\",\"url\":\"https:\/\/democratie-au-coeur-de-psl.fr\/wp-content\/uploads\/2020\/07\/cropped-tableau-1.jpg\",\"contentUrl\":\"https:\/\/democratie-au-coeur-de-psl.fr\/wp-content\/uploads\/2020\/07\/cropped-tableau-1.jpg\",\"width\":1920,\"height\":640,\"caption\":\"D\u00e9mocratie et int\u00e9r\u00eat g\u00e9n\u00e9ral au c\u0153ur de PSL\"},\"image\":{\"@id\":\"https:\/\/democratie-au-coeur-de-psl.fr\/#\/schema\/logo\/image\/\"},\"sameAs\":[\"https:\/\/x.com\/Syndic_CA_PSL\"]}]}<\/script>\n<!-- \/ Yoast SEO plugin. -->","yoast_head_json":{"title":"Documents utiles - D\u00e9mocratie et int\u00e9r\u00eat g\u00e9n\u00e9ral au c\u0153ur de PSL","robots":{"index":"index","follow":"follow","max-snippet":"max-snippet:-1","max-image-preview":"max-image-preview:large","max-video-preview":"max-video-preview:-1"},"canonical":"https:\/\/democratie-au-coeur-de-psl.fr\/?page_id=15","og_locale":"fr_FR","og_type":"article","og_title":"Documents utiles - D\u00e9mocratie et int\u00e9r\u00eat g\u00e9n\u00e9ral au c\u0153ur de PSL","og_description":"Sont rassembl\u00e9s ici des documents reli\u00e9s \u00e0 PSL et \u00e0 son conseil d&rsquo;administration (CA), de pr\u00e8s ou de loin. Notre profession de foi de 2025 Elle est consultable sur cette page. Notre profession de foi de 2020 Elle est consultable au format pdf ici. Vous pouvez aussi la lire directement en ligne sur cette page. &hellip; Documents utiles Lire la suite\u00a0\u00bb","og_url":"https:\/\/democratie-au-coeur-de-psl.fr\/?page_id=15","og_site_name":"D\u00e9mocratie et int\u00e9r\u00eat g\u00e9n\u00e9ral au c\u0153ur de PSL","article_modified_time":"2025-11-05T14:33:26+00:00","og_image":[{"width":5040,"height":3386,"url":"http:\/\/democratie-au-coeur-de-psl.fr\/wp-content\/uploads\/2020\/07\/organigramme-fev_2020_nm.png","type":"image\/png"}],"twitter_card":"summary_large_image","twitter_site":"@Syndic_CA_PSL","twitter_misc":{"Dur\u00e9e de lecture estim\u00e9e":"1 minute"},"schema":{"@context":"https:\/\/schema.org","@graph":[{"@type":"WebPage","@id":"https:\/\/democratie-au-coeur-de-psl.fr\/?page_id=15","url":"https:\/\/democratie-au-coeur-de-psl.fr\/?page_id=15","name":"Documents utiles - D\u00e9mocratie et int\u00e9r\u00eat g\u00e9n\u00e9ral au c\u0153ur de PSL","isPartOf":{"@id":"https:\/\/democratie-au-coeur-de-psl.fr\/#website"},"primaryImageOfPage":{"@id":"https:\/\/democratie-au-coeur-de-psl.fr\/?page_id=15#primaryimage"},"image":{"@id":"https:\/\/democratie-au-coeur-de-psl.fr\/?page_id=15#primaryimage"},"thumbnailUrl":"https:\/\/democratie-au-coeur-de-psl.fr\/wp-content\/uploads\/2020\/07\/organigramme-fev_2020_nm.png","datePublished":"2020-02-08T17:13:27+00:00","dateModified":"2025-11-05T14:33:26+00:00","breadcrumb":{"@id":"https:\/\/democratie-au-coeur-de-psl.fr\/?page_id=15#breadcrumb"},"inLanguage":"fr-FR","potentialAction":[{"@type":"ReadAction","target":["https:\/\/democratie-au-coeur-de-psl.fr\/?page_id=15"]}]},{"@type":"ImageObject","inLanguage":"fr-FR","@id":"https:\/\/democratie-au-coeur-de-psl.fr\/?page_id=15#primaryimage","url":"https:\/\/democratie-au-coeur-de-psl.fr\/wp-content\/uploads\/2020\/07\/organigramme-fev_2020_nm.png","contentUrl":"https:\/\/democratie-au-coeur-de-psl.fr\/wp-content\/uploads\/2020\/07\/organigramme-fev_2020_nm.png","width":5040,"height":3386},{"@type":"BreadcrumbList","@id":"https:\/\/democratie-au-coeur-de-psl.fr\/?page_id=15#breadcrumb","itemListElement":[{"@type":"ListItem","position":1,"name":"Accueil","item":"https:\/\/democratie-au-coeur-de-psl.fr\/"},{"@type":"ListItem","position":2,"name":"Documents utiles"}]},{"@type":"WebSite","@id":"https:\/\/democratie-au-coeur-de-psl.fr\/#website","url":"https:\/\/democratie-au-coeur-de-psl.fr\/","name":"D\u00e9mocratie et int\u00e9r\u00eat g\u00e9n\u00e9ral au c\u0153ur de PSL","description":"Listes soutenues par la CGT au CA de PSL","publisher":{"@id":"https:\/\/democratie-au-coeur-de-psl.fr\/#organization"},"potentialAction":[{"@type":"SearchAction","target":{"@type":"EntryPoint","urlTemplate":"https:\/\/democratie-au-coeur-de-psl.fr\/?s={search_term_string}"},"query-input":"required name=search_term_string"}],"inLanguage":"fr-FR"},{"@type":"Organization","@id":"https:\/\/democratie-au-coeur-de-psl.fr\/#organization","name":"D\u00e9mocratie et int\u00e9r\u00eat g\u00e9n\u00e9ral au c\u0153ur de PSL","url":"https:\/\/democratie-au-coeur-de-psl.fr\/","logo":{"@type":"ImageObject","inLanguage":"fr-FR","@id":"https:\/\/democratie-au-coeur-de-psl.fr\/#\/schema\/logo\/image\/","url":"https:\/\/democratie-au-coeur-de-psl.fr\/wp-content\/uploads\/2020\/07\/cropped-tableau-1.jpg","contentUrl":"https:\/\/democratie-au-coeur-de-psl.fr\/wp-content\/uploads\/2020\/07\/cropped-tableau-1.jpg","width":1920,"height":640,"caption":"D\u00e9mocratie et int\u00e9r\u00eat g\u00e9n\u00e9ral au c\u0153ur de PSL"},"image":{"@id":"https:\/\/democratie-au-coeur-de-psl.fr\/#\/schema\/logo\/image\/"},"sameAs":["https:\/\/x.com\/Syndic_CA_PSL"]}]}},"jetpack_sharing_enabled":true,"_links":{"self":[{"href":"https:\/\/democratie-au-coeur-de-psl.fr\/index.php?rest_route=\/wp\/v2\/pages\/15"}],"collection":[{"href":"https:\/\/democratie-au-coeur-de-psl.fr\/index.php?rest_route=\/wp\/v2\/pages"}],"about":[{"href":"https:\/\/democratie-au-coeur-de-psl.fr\/index.php?rest_route=\/wp\/v2\/types\/page"}],"author":[{"embeddable":true,"href":"https:\/\/democratie-au-coeur-de-psl.fr\/index.php?rest_route=\/wp\/v2\/users\/4"}],"replies":[{"embeddable":true,"href":"https:\/\/democratie-au-coeur-de-psl.fr\/index.php?rest_route=%2Fwp%2Fv2%2Fcomments&post=15"}],"version-history":[{"count":20,"href":"https:\/\/democratie-au-coeur-de-psl.fr\/index.php?rest_route=\/wp\/v2\/pages\/15\/revisions"}],"predecessor-version":[{"id":1436,"href":"https:\/\/democratie-au-coeur-de-psl.fr\/index.php?rest_route=\/wp\/v2\/pages\/15\/revisions\/1436"}],"wp:featuredmedia":[{"embeddable":true,"href":"https:\/\/democratie-au-coeur-de-psl.fr\/index.php?rest_route=\/wp\/v2\/media\/412"}],"wp:attachment":[{"href":"https:\/\/democratie-au-coeur-de-psl.fr\/index.php?rest_route=%2Fwp%2Fv2%2Fmedia&parent=15"}],"curies":[{"name":"wp","href":"https:\/\/api.w.org\/{rel}","templated":true}]}}